{"id":57,"date":"2021-07-21T22:22:07","date_gmt":"2021-07-21T22:22:07","guid":{"rendered":"http:\/\/tigm-mx.com\/index.php\/tigm-consulting\/"},"modified":"2021-07-21T22:22:14","modified_gmt":"2021-07-21T22:22:14","slug":"tigm-consulting","status":"publish","type":"page","link":"https:\/\/tigm-mx.com\/index.php\/tigm-consulting\/","title":{"rendered":"TIGM Consulting"},"content":{"rendered":"<div class=\"\" style=\"\" >\n  \n    <section class=\"u-clearfix u-section-1\" id=\"carousel_f497\">\n      <div class=\"u-container-style u-group u-palette-5-dark-3 u-group-1\">\n        <div class=\"u-container-layout u-container-layout-1\"><\/div>\n      <\/div>\n      <div class=\"u-clearfix u-gutter-20 u-layout-wrap u-layout-wrap-1\">\n        <div class=\"u-gutter-0 u-layout\">\n          <div class=\"u-layout-row\">\n            <div class=\"u-align-left u-container-style u-layout-cell u-right-cell u-size-27 u-layout-cell-1\">\n              <div class=\"u-container-layout u-container-layout-2\">\n                <h2 class=\"u-text u-text-1\">Nos enfocamos en mejorar<br>sus procesos de gesti\u00f3n de clientes\n                <\/h2>\n              <\/div>\n            <\/div>\n            <div class=\"u-container-style u-layout-cell u-size-15 u-layout-cell-2\">\n              <div class=\"u-container-layout u-container-layout-3\">\n                <img decoding=\"async\" class=\"u-border-10 u-border-white u-expand-resize u-image u-image-1\" src=\"https:\/\/tigm-mx.com\/wp-content\/uploads\/2021\/07\/80fb7f2a87b8486c4c271d203bb958e3.jpeg\" data-image-width=\"1125\" data-image-height=\"750\">\n              <\/div>\n            <\/div>\n            <div class=\"u-align-right-sm u-align-right-xs u-container-style u-layout-cell u-left-cell u-size-18 u-layout-cell-3\">\n              <div class=\"u-container-layout u-valign-top u-container-layout-4\">\n                <img decoding=\"async\" class=\"u-border-10 u-border-white u-expand-resize u-image u-image-2\" src=\"https:\/\/tigm-mx.com\/wp-content\/uploads\/2021\/07\/a9029be00d0fdca6ea0462594b9edb39.jpeg\" data-image-width=\"595\" data-image-height=\"612\">\n                <p class=\"u-text u-text-palette-5-dark-1 u-text-2\">Images from <a href=\"https:\/\/www.freepik.com\/free-photos-vectors\/camera\" target=\"_blank\"><b>Freepik<\/b>\n                  <\/a>\n                <\/p>\n              <\/div>\n            <\/div>\n          <\/div>\n        <\/div>\n      <\/div>\n      <img decoding=\"async\" class=\"u-image u-image-default u-image-3\" src=\"https:\/\/tigm-mx.com\/wp-content\/uploads\/2021\/07\/LogoTIGMsinfondo.png\" alt=\"\" data-image-width=\"700\" data-image-height=\"233\">\n    <\/section>\n    <section class=\"u-align-left u-clearfix u-gradient u-typography-Normal--Introduction u-section-2\" src=\"\" id=\"carousel_8a14\">\n      <div class=\"u-clearfix u-sheet u-sheet-1\">\n        <div class=\"u-expanded-width u-list u-list-1\">\n          <div class=\"u-repeater u-repeater-1\">\n            <div class=\"u-align-center u-border-1 u-border-grey-15 u-container-style u-list-item u-repeater-item u-white u-list-item-1\">\n              <div class=\"u-container-layout u-similar-container u-container-layout-1\"><span class=\"u-align-center u-icon u-icon-circle u-text-palette-1-base u-icon-1\"><svg class=\"u-svg-link\" preserveAspectRatio=\"xMidYMin slice\" viewBox=\"0 0 512.001 512.001\" style=\"\"><use xmlns:xlink=\"http:\/\/www.w3.org\/1999\/xlink\" xlink:href=\"#svg-3e59\"><\/use><\/svg><svg xmlns=\"http:\/\/www.w3.org\/2000\/svg\" xmlns:xlink=\"http:\/\/www.w3.org\/1999\/xlink\" version=\"1.1\" xml:space=\"preserve\" class=\"u-svg-content\" viewBox=\"0 0 512.001 512.001\" id=\"svg-3e59\"><g><path d=\"m445.66 123.82c4.796 0 9.42-1.903 12.831-5.315l50.268-50.268c6.717-6.717 2.343-18.245-7.121-18.839l-26.75-1.679 17.455-17.455c2.929-2.929 2.929-7.678 0-10.606-2.93-2.929-7.678-2.929-10.607 0l-17.455 17.455-1.679-26.75c-.595-9.481-12.134-13.825-18.839-7.121l-50.269 50.268c-3.681 3.681-5.604 8.772-5.278 13.967l1.728 27.528c-41.954-35.772-96.025-56.286-153.303-56.286-130.79 0-236.641 105.838-236.641 236.64 0 59.031 21.86 115.57 61.555 159.2 2.789 3.063 7.532 3.287 10.595.5 3.064-2.788 3.288-7.531.501-10.595-37.177-40.862-57.651-93.815-57.651-149.105 0-122.213 99.428-221.641 221.641-221.641 57.272 0 111.164 21.95 151.475 59.559l-34.222 34.221c-30.949-28.409-72.156-45.794-117.253-45.794-95.753 0-173.654 77.901-173.654 173.654 0 27.558 6.648 55.007 19.228 79.381.001.001.001.002.002.003 29.149 56.481 87.854 94.27 154.425 94.27 82.029 0 153.372-57.939 170.046-138.346.841-4.056-1.765-8.026-5.821-8.867-4.055-.841-8.025 1.765-8.866 5.821-15.188 73.236-80.525 126.392-155.358 126.392-59.609 0-113.675-33.011-141.096-86.149 0-.001-.001-.002-.001-.003-11.65-22.575-17.558-46.968-17.558-72.502 0-87.482 71.172-158.654 158.654-158.654 40.97 0 78.428 15.702 106.649 41.397l-33.917 33.917c-19.464-17.008-44.914-27.328-72.732-27.328-61.022 0-110.667 49.645-110.667 110.667s49.645 110.667 110.667 110.667 110.668-49.645 110.668-110.667c0-27.818-10.32-53.268-27.329-72.732l33.919-33.919c25.496 27.994 41.161 65.09 41.393 105.728.023 4.127 3.377 7.457 7.499 7.457h.044c4.142-.024 7.48-3.401 7.457-7.543-.256-44.735-17.597-85.548-45.786-116.25l34.224-34.224c37.447 40.039 59.551 93.611 59.551 151.482-.001 122.216-99.428 221.644-221.641 221.644-50.629 0-100.135-17.514-139.398-49.315-3.221-2.606-7.94-2.111-10.549 1.107-2.607 3.219-2.111 7.942 1.107 10.549 41.926 33.958 94.785 52.659 148.84 52.659 130.79 0 236.641-105.838 236.641-236.641 0-51.213-16.094-99.954-46.54-140.952-3.152-4.245-6.435-8.36-9.828-12.357 29.401 1.847 27.816 1.77 28.746 1.77zm-113.351 151.539c0 52.751-42.916 95.667-95.668 95.667-52.751 0-95.667-42.916-95.667-95.667s42.916-95.667 95.667-95.667c23.682 0 45.378 8.653 62.102 22.958l-34.13 34.13c-7.864-5.717-17.528-9.102-27.972-9.102-26.291 0-47.681 21.39-47.681 47.681s21.39 47.681 47.681 47.681c26.292 0 47.682-21.39 47.682-47.681 0-10.445-3.385-20.109-9.102-27.972l34.13-34.13c14.304 16.724 22.958 38.42 22.958 62.102zm-100.972 5.304c2.93 2.929 7.678 2.929 10.607 0l22.482-22.482c3.1 4.995 4.896 10.88 4.896 17.179 0 18.021-14.661 32.681-32.682 32.681s-32.681-14.661-32.681-32.681 14.66-32.681 32.681-32.681c6.299 0 12.184 1.796 17.179 4.895l-22.483 22.483c-2.928 2.928-2.928 7.677.001 10.606zm171.85-214.126c-.057-.901.277-1.784.915-2.421l44.078-44.077 1.959 31.216-45.082 45.082zm12.477 40.406 45.082-45.082 31.216 1.959-44.078 44.078c-.637.638-1.527.977-2.421.915z\"><\/path>\n<\/g><\/svg><\/span>\n                <h3 class=\"u-custom-font u-text u-text-1\">Misi\u00f3n<\/h3>\n                <h4 class=\"u-text u-text-2\">Lograr en cada proyecto realizado con nuestros clientes y aliados, la satisfacci\u00f3n de un excelente resultado de trabajo en equipo y colaboraci\u00f3n.<\/h4>\n              <\/div>\n            <\/div>\n            <div class=\"u-align-center u-border-1 u-border-grey-15 u-container-style u-list-item u-repeater-item u-video-cover u-white u-list-item-2\">\n              <div class=\"u-container-layout u-similar-container u-container-layout-2\"><span class=\"u-align-center u-icon u-icon-circle u-text-palette-1-base u-icon-2\"><svg class=\"u-svg-link\" preserveAspectRatio=\"xMidYMin slice\" viewBox=\"0 0 64 64\" style=\"\"><use xmlns:xlink=\"http:\/\/www.w3.org\/1999\/xlink\" xlink:href=\"#svg-4235\"><\/use><\/svg><svg xmlns=\"http:\/\/www.w3.org\/2000\/svg\" xmlns:xlink=\"http:\/\/www.w3.org\/1999\/xlink\" version=\"1.1\" xml:space=\"preserve\" class=\"u-svg-content\" viewBox=\"0 0 64 64\" id=\"svg-4235\"><path d=\"m2.2002 50.6001 2.65332 3.5376-2.77246 6.46826c-.16797.39258-.06934.84814.24707 1.13477.18847.17089.42968.25927.67187.25927.16504 0 .33105-.04053.48145-.12402l20-11c.32031-.1753.51855-.51123.51855-.87598s-.19824-.70068-.51855-.87598l-20-11c-.37109-.20557-.83691-.15234-1.15332.13525-.31641.28662-.41504.74219-.24707 1.13477l2.77246 6.46826-2.65332 3.5376c-.26661.35547-.26661.84473 0 1.2002zm4.51983 4.25812 9.38776-2.20886-11.04431 6.07427zm9.38776-7.50757-9.38776-2.20886-1.65656-3.86542zm-9.7005-.22718 12.22528 2.87653-12.22528 2.87653-2.15729-2.87653z\"><\/path><path d=\"m46 2c-8.48474 0-15.42889 6.6441-15.94934 15h-2.6366l-2.70703-2.70703-1.41406 1.41406 1.29297 1.29297h-4.08594c-5.79004 0-10.5 4.71045-10.5 10.5s4.70996 10.5 10.5 10.5h11.08594l2.70703 2.70703 1.41406-1.41406-1.29297-1.29297h19.08594c3.03223 0 5.5 2.46729 5.5 5.5s-2.46777 5.5-5.5 5.5h-9.08594l-2.70703-2.70703-1.41406 1.41406 1.29297 1.29297h-15.58594v2h15.58594l-1.29297 1.29297 1.41406 1.41406 2.70703-2.70703h9.08594c4.13574 0 7.5-3.36426 7.5-7.5s-3.36426-7.5-7.5-7.5h-19.08594l1.29297-1.29297-1.41406-1.41406-2.70703 2.70703h-11.08594c-4.68652 0-8.5-3.81299-8.5-8.5s3.81348-8.5 8.5-8.5h4.08594l-1.29297 1.29297 1.41406 1.41406 2.70703-2.70703h2.6366c.52045 8.3559 7.4646 15 15.94934 15 8.82227 0 16-7.17773 16-16s-7.17773-16-16-16zm0 30c-7.3822 0-13.43304-5.74707-13.94934-13h3c.50751 5.5979 5.22143 10 10.94934 10 6.06543 0 11-4.93457 11-11s-4.93457-11-11-11c-5.72791 0-10.44183 4.4021-10.94934 10h-3c.5163-7.25293 6.56714-13 13.94934-13 7.71973 0 14 6.28027 14 14s-6.28027 14-14 14zm-2.29297-10.29297 3-3c.39062-.39062.39062-1.02344 0-1.41406l-3-3-1.41406 1.41406 1.29297 1.29297h-6.52692c.49945-4.49298 4.31647-8 8.94098-8 4.96289 0 9 4.0376 9 9s-4.03711 9-9 9c-4.62451 0-8.44153-3.50702-8.94098-8h6.52692l-1.29297 1.29297z\"><\/path><path d=\"m52 18c0-3.30859-2.69141-6-6-6v2c2.20605 0 4 1.79443 4 4s-1.79395 4-4 4v2c3.30859 0 6-2.69141 6-6z\"><\/path><\/svg><\/span>\n                <h3 class=\"u-custom-font u-text u-text-3\">Visi\u00f3n<\/h3>\n                <h4 class=\"u-text u-text-4\">Ser percibido por cada uno de nuestros cliente, como un equipo de consultores que ofrece e implementa soluciones f\u00e1ciles y efectivas a sus requerimientos de sus negocios.<\/h4>\n              <\/div>\n            <\/div>\n            <div class=\"u-align-center u-border-1 u-border-grey-15 u-container-style u-list-item u-repeater-item u-video-cover u-white u-list-item-3\">\n              <div class=\"u-container-layout u-similar-container u-container-layout-3\"><span class=\"u-align-center u-icon u-icon-circle u-text-palette-1-base u-icon-3\"><svg class=\"u-svg-link\" preserveAspectRatio=\"xMidYMin slice\" viewBox=\"0 0 512 512\" style=\"\"><use xmlns:xlink=\"http:\/\/www.w3.org\/1999\/xlink\" xlink:href=\"#svg-7512\"><\/use><\/svg><svg xmlns=\"http:\/\/www.w3.org\/2000\/svg\" xmlns:xlink=\"http:\/\/www.w3.org\/1999\/xlink\" version=\"1.1\" xml:space=\"preserve\" class=\"u-svg-content\" viewBox=\"0 0 512 512\" x=\"0px\" y=\"0px\" id=\"svg-7512\" style=\"enable-background:new 0 0 512 512;\"><g><g><path d=\"M131.769,80.121c-61.606,0-111.727,50.121-111.727,111.727s50.12,111.727,111.727,111.727    c61.606,0,111.727-50.121,111.727-111.727S193.376,80.121,131.769,80.121z M131.769,288.545    c-53.318,0-96.697-43.378-96.697-96.697s43.377-96.697,96.697-96.697c53.319,0,96.697,43.378,96.697,96.697    S185.088,288.545,131.769,288.545z\"><\/path>\n<\/g>\n<\/g><g><g><path d=\"M165.237,175.315c4.15,0,7.515-3.365,7.515-7.515v-8.016c0-17.404-14.16-31.564-31.564-31.564h-0.501v-16.534    c0-4.15-3.365-7.515-7.515-7.515c-4.15,0-7.515,3.365-7.515,7.515v16.708c-17.975,1.768-32.065,16.966-32.065,35.398    c0,19.615,15.957,35.572,35.572,35.572h8.016c11.327,0,20.542,9.215,20.542,20.542c0,11.327-9.215,20.542-20.542,20.542h-12.024    c-9.117,0-16.534-7.417-16.534-16.534c0-4.15-3.365-7.515-7.515-7.515s-7.515,3.365-7.515,7.515    c0,17.404,14.16,31.564,31.564,31.564h0.501v16.534c0,4.15,3.365,7.515,7.515,7.515c4.15,0,7.515-3.365,7.515-7.515v-16.708    c17.975-1.768,32.065-16.966,32.065-35.398c0-19.615-15.957-35.572-35.572-35.572h-8.016c-11.327,0-20.542-9.215-20.542-20.542    c0-11.327,9.215-20.542,20.542-20.542h12.024c9.117,0,16.534,7.417,16.534,16.534v8.016    C157.722,171.95,161.087,175.315,165.237,175.315z\"><\/path>\n<\/g>\n<\/g><g><g><path d=\"M252.014,367.707c4.15,0,7.515-3.365,7.515-7.515v-48.098c0-4.15-3.365-7.515-7.515-7.515H43.59    c-4.15,0-7.515,3.365-7.515,7.515v40.583h-8.517c-4.15,0-7.515,3.365-7.515,7.515v48.098c0,4.15,3.365,7.515,7.515,7.515h8.517    v33.067h-8.517c-4.15,0-7.515,3.365-7.515,7.515v48.098c0,4.15,3.365,7.515,7.515,7.515h208.424c4.15,0,7.515-3.365,7.515-7.515    v-40.583h8.517c4.15,0,7.515-3.365,7.515-7.515v-48.098c0-4.15-3.365-7.515-7.515-7.515h-8.517v-33.067H252.014z M35.072,400.774    v-33.067h193.394v33.067H35.072z M228.466,496.97H35.072v-33.067h193.394V496.97z M244.499,415.805v33.067H51.105v-33.067H244.499    z M51.105,352.676v-33.067h193.394v33.067H51.105z\"><\/path>\n<\/g>\n<\/g><g><g><path d=\"M490.288,138.973L378.059,2.696c-2.96-3.594-8.643-3.594-11.603,0L254.228,138.973c-3.961,4.81-0.417,12.293,5.802,12.293    h48.599V384.24c0,4.15,3.365,7.515,7.515,7.515h112.228c4.15,0,7.515-3.365,7.515-7.515v-31.564c0-4.15-3.365-7.515-7.515-7.515    s-7.515,3.365-7.515,7.515v24.049H323.66V143.751c0-4.15-3.365-7.515-7.515-7.515h-40.189l96.303-116.94l96.303,116.94h-40.189    c-4.15,0-7.515,3.365-7.515,7.515v173.353c0,4.15,3.365,7.515,7.515,7.515s7.515-3.365,7.515-7.515V151.266h48.599    C490.704,151.266,494.25,143.784,490.288,138.973z\"><\/path>\n<\/g>\n<\/g><g><g><path d=\"M428.373,416.807H316.144c-4.15,0-7.515,3.365-7.515,7.515s3.365,7.515,7.515,7.515h112.228    c4.15,0,7.515-3.365,7.515-7.515S432.523,416.807,428.373,416.807z\"><\/path>\n<\/g>\n<\/g><g><g><path d=\"M428.373,456.888H316.144c-4.15,0-7.515,3.365-7.515,7.515s3.365,7.515,7.515,7.515h112.228    c4.15,0,7.515-3.365,7.515-7.515S432.523,456.888,428.373,456.888z\"><\/path>\n<\/g>\n<\/g><g><g><path d=\"M428.373,496.97H316.144c-4.15,0-7.515,3.365-7.515,7.515c0,4.15,3.365,7.515,7.515,7.515h112.228    c4.15,0,7.515-3.365,7.515-7.515C435.888,500.335,432.523,496.97,428.373,496.97z\"><\/path>\n<\/g>\n<\/g><\/svg><\/span>\n                <h3 class=\"u-custom-font u-text u-text-5\">Valores<\/h3>\n                <h4 class=\"u-text u-text-6\">Excelente nivel de servicio, Responsabilidad, Confianza, Conocimiento, Buena actitud y Recursividad son los valores que formamos en nuestro equipo de consultores para ofrecer a nuestros clientes calidad en nuestra oferta de Valor.<\/h4>\n              <\/div>\n            <\/div>\n            <div class=\"u-align-center u-border-1 u-border-grey-15 u-container-style u-list-item u-repeater-item u-video-cover u-white u-list-item-4\">\n              <div class=\"u-container-layout u-similar-container u-container-layout-4\"><span class=\"u-align-center u-icon u-icon-circle u-text-palette-1-base u-icon-4\"><svg class=\"u-svg-link\" preserveAspectRatio=\"xMidYMin slice\" viewBox=\"0 0 511.997 511.997\" style=\"\"><use xmlns:xlink=\"http:\/\/www.w3.org\/1999\/xlink\" xlink:href=\"#svg-5325\"><\/use><\/svg><svg xmlns=\"http:\/\/www.w3.org\/2000\/svg\" xmlns:xlink=\"http:\/\/www.w3.org\/1999\/xlink\" version=\"1.1\" xml:space=\"preserve\" class=\"u-svg-content\" viewBox=\"0 0 511.997 511.997\" id=\"svg-5325\"><g><path d=\"m242.846 348.606-6.925 14.032-15.485 2.251c-12.024 1.746-16.828 16.535-8.129 25.015l11.205 10.922-2.646 15.423c-2.053 11.974 10.526 21.114 21.28 15.46l13.852-7.282 13.85 7.281c10.753 5.655 23.334-3.487 21.279-15.46l-2.645-15.423 11.205-10.922c8.7-8.482 3.892-23.27-8.128-25.015l-15.486-2.251-6.925-14.031c-5.38-10.905-20.923-10.895-26.302 0zm6.449 20.828 6.703-13.582 6.703 13.582c2.137 4.33 6.266 7.329 11.043 8.022l14.989 2.179-10.848 10.573c-3.455 3.37-5.032 8.222-4.216 12.98l2.56 14.929-13.406-7.048c-4.272-2.245-9.376-2.248-13.649 0l-13.407 7.048 2.56-14.926c.817-4.758-.759-9.611-4.217-12.984l-10.846-10.572 14.987-2.178c4.778-.694 8.907-3.693 11.044-8.023z\"><\/path><path d=\"m266.175 311.595c-.895 4.044 1.658 8.048 5.702 8.943 33.188 7.345 57.275 37.375 57.275 71.405 0 40.337-32.816 73.154-73.154 73.154-40.337 0-73.153-32.816-73.153-73.154 0-34.03 24.087-64.06 57.274-71.406 4.044-.895 6.597-4.899 5.702-8.943-.896-4.043-4.897-6.598-8.944-5.702-39.687 8.785-69.032 44.196-69.032 86.051 0 48.608 39.545 88.154 88.153 88.154s88.154-39.545 88.154-88.154c0-41.94-29.436-77.287-69.033-86.051-4.038-.894-8.049 1.658-8.944 5.703z\"><\/path><path d=\"m337.305 122.959c3.833 1.571 8.213-.266 9.782-4.1l41.048-100.277c3.628-8.862-2.903-18.582-12.472-18.582h-54.378c-5.495 0-10.391 3.286-12.473 8.371l-52.814 129.026-52.814-129.026s-.001-.001-.001-.002c-2.083-5.084-6.978-8.369-12.471-8.369h-54.378c-9.576 0-16.097 9.724-12.473 18.582l86.666 211.725c-8.983 2.914-15.499 11.359-15.499 21.301v36.956c-35.334 20.919-59.083 59.425-59.083 103.379 0 66.198 53.855 120.053 120.053 120.053s120.054-53.855 120.054-120.053c0-43.955-23.749-82.461-59.084-103.38v-36.956c0-9.942-6.515-18.387-15.499-21.301l32.279-78.858c1.568-3.833-.267-8.213-4.101-9.782-3.833-1.569-8.212.267-9.782 4.1l-34.158 83.45h-51.084c4.178-10.208 84.256-205.839 87.684-214.216h51.086l-40.188 98.177c-1.568 3.833.266 8.213 4.1 9.782zm23.747 268.985c0 57.927-47.127 105.053-105.054 105.053s-105.053-47.126-105.053-105.053c0-58.312 47.538-105.054 105.053-105.054h.005c57.906.007 105.049 47.097 105.049 105.054zm-66.476-147.727c4.076 0 7.392 3.316 7.392 7.392v29.412c-14.432-5.969-30.076-9.13-45.969-9.13-.012 0-.024 0-.037 0-15.966.004-31.609 3.204-45.933 9.129v-29.412c0-4.076 3.316-7.392 7.393-7.392h77.154zm-72.225-24.62-83.748-204.597h51.086l58.205 142.195z\"><\/path>\n<\/g><\/svg><\/span>\n                <h3 class=\"u-custom-font u-text u-text-7\">Oferta de valor<\/h3>\n                <h4 class=\"u-text u-text-8\">Nuestra oferta de valor es la experiencia aplicada a los negocios de cada uno de nuestros clientes. Ofrecemos soluciones optimas, de r\u00e1pida implementaci\u00f3n y adopci\u00f3n para nuestros clientes.<\/h4>\n              <\/div>\n            <\/div>\n          <\/div>\n        <\/div>\n      <\/div>\n    <\/section>\n    \n    \n    \n  \n<\/div>","protected":false},"excerpt":{"rendered":"<p>Nos enfocamos en mejorarsus procesos de gesti\u00f3n de clientes Images from Freepik Misi\u00f3n Lograr en cada proyecto realizado con nuestros clientes y aliados, la satisfacci\u00f3n de un excelente resultado de trabajo en equipo y colaboraci\u00f3n. Visi\u00f3n Ser percibido por cada uno de nuestros cliente, como un equipo de consultores que ofrece e implementa soluciones f\u00e1ciles&hellip; <a class=\"more-link\" href=\"https:\/\/tigm-mx.com\/index.php\/tigm-consulting\/\">Continue reading <span class=\"screen-reader-text\">TIGM Consulting<\/span><\/a><\/p>\n","protected":false},"author":1,"featured_media":0,"parent":0,"menu_order":1,"comment_status":"closed","ping_status":"closed","template":"","meta":{"om_disable_all_campaigns":false,"_monsterinsights_skip_tracking":false,"_monsterinsights_sitenote_active":false,"_monsterinsights_sitenote_note":"","_monsterinsights_sitenote_category":0,"footnotes":""},"class_list":["post-57","page","type-page","status-publish","hentry","entry"],"_links":{"self":[{"href":"https:\/\/tigm-mx.com\/index.php\/wp-json\/wp\/v2\/pages\/57","targetHints":{"allow":["GET"]}}],"collection":[{"href":"https:\/\/tigm-mx.com\/index.php\/wp-json\/wp\/v2\/pages"}],"about":[{"href":"https:\/\/tigm-mx.com\/index.php\/wp-json\/wp\/v2\/types\/page"}],"author":[{"embeddable":true,"href":"https:\/\/tigm-mx.com\/index.php\/wp-json\/wp\/v2\/users\/1"}],"replies":[{"embeddable":true,"href":"https:\/\/tigm-mx.com\/index.php\/wp-json\/wp\/v2\/comments?post=57"}],"version-history":[{"count":1,"href":"https:\/\/tigm-mx.com\/index.php\/wp-json\/wp\/v2\/pages\/57\/revisions"}],"predecessor-version":[{"id":70,"href":"https:\/\/tigm-mx.com\/index.php\/wp-json\/wp\/v2\/pages\/57\/revisions\/70"}],"wp:attachment":[{"href":"https:\/\/tigm-mx.com\/index.php\/wp-json\/wp\/v2\/media?parent=57"}],"curies":[{"name":"wp","href":"https:\/\/api.w.org\/{rel}","templated":true}]}}