{"id":61,"date":"2021-07-21T22:22:11","date_gmt":"2021-07-21T22:22:11","guid":{"rendered":"http:\/\/tigm-mx.com\/index.php\/contacto\/"},"modified":"2022-11-30T16:33:41","modified_gmt":"2022-11-30T16:33:41","slug":"contacto","status":"publish","type":"page","link":"https:\/\/tigm-mx.com\/index.php\/contacto\/","title":{"rendered":"Contacto"},"content":{"rendered":"<div class=\"\" style=\"\" >\n    \n    <section class=\"u-clearfix u-grey-15 u-section-2\" id=\"carousel_e419\">\n      <div class=\"u-expanded-height u-palette-1-base u-shape u-shape-rectangle u-shape-1\"><\/div>\n      <div class=\"u-clearfix u-layout-wrap u-layout-wrap-1\">\n        <div class=\"u-gutter-0 u-layout\">\n          <div class=\"u-layout-row\">\n            <div class=\"u-align-left u-container-style u-layout-cell u-left-cell u-size-24 u-size-60-md u-layout-cell-1\">\n              <div class=\"u-container-layout u-valign-top u-container-layout-1\">\n                <h2 class=\"u-custom-font u-font-oswald u-text u-text-body-alt-color u-text-1\">Cont\u00e1ctenos<\/h2>\n                <div class=\"u-border-5 u-border-palette-2-base u-line u-line-horizontal u-line-1\"><\/div>\n                <div class=\"u-form u-form-1\">\n                  <form action=\"#\" method=\"POST\" class=\"u-clearfix u-form-spacing-10 u-form-vertical u-inner-form\" style=\"padding: 0px;\" source=\"custom\" name=\"form\">\n                    <div class=\"u-form-group u-form-name\">\n                      <label for=\"name-8db6\" class=\"u-form-control-hidden u-label\">Name<\/label>\n                      <input type=\"text\" placeholder=\"Nombre\" id=\"name-8db6\" name=\"name\" class=\"u-input u-input-rectangle u-white\" required=\"\">\n                    <\/div>\n                    <div class=\"u-form-email u-form-group\">\n                      <label for=\"email-8db6\" class=\"u-form-control-hidden u-label\">Email<\/label>\n                      <input type=\"email\" placeholder=\"Correo electr\u00f3nico\" id=\"email-8db6\" name=\"email\" class=\"u-input u-input-rectangle u-white\" required=\"\">\n                    <\/div>\n                    <div class=\"u-form-group u-form-phone u-form-group-3\">\n                      <label for=\"phone-9591\" class=\"u-form-control-hidden u-label\">Tel\u00e9fono<\/label>\n                      <input type=\"tel\" pattern=\"+?d{0,3}[s(-]?([0-9]{2,3})[s)-]?([s-]?)([0-9]{3})[s-]?([0-9]{2})[s-]?([0-9]{2})\" placeholder=\"Ingrese su tel\u00e9fono (por ejemplo, +14155552675)\" id=\"phone-9591\" name=\"phone\" class=\"u-input u-input-rectangle u-white\" required=\"\">\n                    <\/div>\n                    <div class=\"u-form-group u-form-message\">\n                      <label for=\"message-8db6\" class=\"u-form-control-hidden u-label\">Message<\/label>\n                      <textarea placeholder=\"Mensaje\" rows=\"4\" cols=\"50\" id=\"message-8db6\" name=\"message\" class=\"u-input u-input-rectangle u-white\" required=\"\"><\/textarea>\n                    <\/div>\n                    <div class=\"u-form-group u-form-submit\">\n                      <a href=\"#\" class=\"u-border-0 u-btn u-btn-submit u-button-style u-palette-2-base u-btn-1\">Enviar<\/a>\n                      <input type=\"submit\" value=\"submit\" class=\"u-form-control-hidden\">\n                    <\/div>\n                    <div class=\"u-form-send-message u-form-send-success\"> Thank you! Your message has been sent. <\/div>\n                    <div class=\"u-form-send-error u-form-send-message\"> Unable to send your message. Please fix errors then try again. <\/div>\n                    <input type=\"hidden\" value=\"\" name=\"recaptchaResponse\">\n                  <\/form>\n                <\/div>\n              <\/div>\n            <\/div>\n            <div class=\"u-align-left u-container-style u-layout-cell u-size-16-xl u-size-19-lg u-size-19-sm u-size-19-xs u-size-60-md u-white u-layout-cell-2\">\n              <div class=\"u-container-layout u-valign-top u-container-layout-2\">\n                <h5 class=\"u-text u-text-2\">direccion<\/h5>\n                <p class=\"u-text u-text-grey-50 u-text-3\">Avenida Aquiles Serd\u00e1n # 464 Interior E003, Azcapotzalco, CP 02099, Ciudad de M\u00e9xico, M\u00e9xico <\/p>\n                <h5 class=\"u-text u-text-4\">llamenos<\/h5>\n                <p class=\"u-text u-text-grey-50 u-text-5\">+52 55 8421 6970<br>\n                <\/p>\n                <h5 class=\"u-text u-text-6\">horario de oficina<\/h5>\n                <p class=\"u-text u-text-grey-50 u-text-7\">Lunes-Viernes \u2026. 8 am \u2013 8 pm<br>S\u00e1bado, Domingo \u2026\u2026\u2026 Closed \n                <\/p>\n              <\/div>\n            <\/div>\n            <div class=\"u-align-left u-container-style u-layout-cell u-right-cell u-size-17-lg u-size-17-sm u-size-17-xs u-size-20-xl u-size-60-md u-white u-layout-cell-3\">\n              <div class=\"u-container-layout u-valign-top u-container-layout-3\">\n                <div class=\"u-expanded u-grey-light-2 u-map\">\n                  <div class=\"embed-responsive\">\n                    <iframe class=\"embed-responsive-item\" src=\"\/\/maps.google.com\/maps?output=embed&amp;q=Azcapotzalco%2C%20Ciudad%20de%20M%C3%A9xico&amp;z=10&amp;t=m\" data-map=\"JTdCJTIycG9zaXRpb25UeXBlJTIyJTNBJTIybWFwLWFkZHJlc3MlMjIlMkMlMjJhZGRyZXNzJTIyJTNBJTIyQXpjYXBvdHphbGNvJTJDJTIwQ2l1ZGFkJTIwZGUlMjBNJUMzJUE5eGljbyUyMiUyQyUyMnpvb20lMjIlM0ExMCUyQyUyMnR5cGVJZCUyMiUzQSUyMnJvYWQlMjIlMkMlMjJsYW5nJTIyJTNBJTIyJTIyJTdE\"><\/iframe>\n                  <\/div>\n                <\/div>\n              <\/div>\n            <\/div>\n          <\/div>\n        <\/div>\n      <\/div>\n    <\/section>\n    \n    \n  \n<\/div>","protected":false},"excerpt":{"rendered":"<p>Cont\u00e1ctenos Name Email Tel\u00e9fono Message Enviar Thank you! Your message has been sent. Unable to send your message. Please fix errors then try again. direccion Avenida Aquiles Serd\u00e1n # 464 Interior E003, Azcapotzalco, CP 02099, Ciudad de M\u00e9xico, M\u00e9xico llamenos +52 55 8421 6970 horario de oficina Lunes-Viernes \u2026. 8 am \u2013 8 pmS\u00e1bado, Domingo&hellip; <a class=\"more-link\" href=\"https:\/\/tigm-mx.com\/index.php\/contacto\/\">Continue reading <span class=\"screen-reader-text\">Contacto<\/span><\/a><\/p>\n","protected":false},"author":1,"featured_media":0,"parent":0,"menu_order":5,"comment_status":"closed","ping_status":"closed","template":"","meta":{"om_disable_all_campaigns":false,"_monsterinsights_skip_tracking":false,"_monsterinsights_sitenote_active":false,"_monsterinsights_sitenote_note":"","_monsterinsights_sitenote_category":0,"footnotes":""},"class_list":["post-61","page","type-page","status-publish","hentry","entry"],"_links":{"self":[{"href":"https:\/\/tigm-mx.com\/index.php\/wp-json\/wp\/v2\/pages\/61","targetHints":{"allow":["GET"]}}],"collection":[{"href":"https:\/\/tigm-mx.com\/index.php\/wp-json\/wp\/v2\/pages"}],"about":[{"href":"https:\/\/tigm-mx.com\/index.php\/wp-json\/wp\/v2\/types\/page"}],"author":[{"embeddable":true,"href":"https:\/\/tigm-mx.com\/index.php\/wp-json\/wp\/v2\/users\/1"}],"replies":[{"embeddable":true,"href":"https:\/\/tigm-mx.com\/index.php\/wp-json\/wp\/v2\/comments?post=61"}],"version-history":[{"count":3,"href":"https:\/\/tigm-mx.com\/index.php\/wp-json\/wp\/v2\/pages\/61\/revisions"}],"predecessor-version":[{"id":93,"href":"https:\/\/tigm-mx.com\/index.php\/wp-json\/wp\/v2\/pages\/61\/revisions\/93"}],"wp:attachment":[{"href":"https:\/\/tigm-mx.com\/index.php\/wp-json\/wp\/v2\/media?parent=61"}],"curies":[{"name":"wp","href":"https:\/\/api.w.org\/{rel}","templated":true}]}}