{"id":62,"date":"2021-07-21T22:22:12","date_gmt":"2021-07-21T22:22:12","guid":{"rendered":"http:\/\/tigm-mx.com\/index.php\/sap\/"},"modified":"2022-11-30T17:05:34","modified_gmt":"2022-11-30T17:05:34","slug":"sap","status":"publish","type":"page","link":"https:\/\/tigm-mx.com\/index.php\/sap\/","title":{"rendered":"SAP"},"content":{"rendered":"<div class=\"\" style=\"\" >\n    \n    <section class=\"u-clearfix u-image u-image-contain u-section-2\" id=\"sec-81b7\">\n      <div class=\"u-clearfix u-sheet u-sheet-1\">\n        <img decoding=\"async\" class=\"u-image u-image-contain u-image-default u-image-1\" src=\"https:\/\/tigm-mx.com\/wp-content\/uploads\/2021\/07\/LogoC4Csinfondo.png\" alt=\"\" data-image-width=\"394\" data-image-height=\"267\">\n        <div class=\"u-container-style u-expanded-width-lg u-expanded-width-md u-expanded-width-sm u-expanded-width-xs u-group u-group-1\">\n          <div class=\"u-container-layout u-container-layout-1\">\n            <h1 class=\"u-align-center u-heading-font u-text u-text-body-alt-color u-title u-text-1\">Crea experiencias inolvidables para tus clientes&nbsp;<\/h1>\n            <h6 class=\"u-align-center u-text u-text-body-alt-color u-text-2\">The Travel Companies That Will Change The Way You See The World<\/h6>\n            <img decoding=\"async\" class=\"u-image u-image-default u-image-2\" src=\"https:\/\/tigm-mx.com\/wp-content\/uploads\/2021\/07\/LogoSAPsinfondo.png\" alt=\"\" data-image-width=\"2272\" data-image-height=\"1704\">\n          <\/div>\n        <\/div>\n      <\/div>\n    <\/section>\n    <section class=\"u-clearfix u-grey-60 u-section-3\" id=\"sec-4540\">\n      <div class=\"u-clearfix u-sheet u-sheet-1\">\n        <div class=\"u-clearfix u-expanded-width-md u-expanded-width-xs u-gutter-20 u-layout-wrap u-layout-wrap-1\">\n          <div class=\"u-layout\">\n            <div class=\"u-layout-col\">\n              <div class=\"u-size-30\">\n                <div class=\"u-layout-row\">\n                  <div class=\"u-align-center-sm u-container-style u-layout-cell u-left-cell u-right-cell u-size-60 u-layout-cell-1\">\n                    <div class=\"u-container-layout u-container-layout-1\">\n                      <h2 class=\"u-align-center-lg u-align-center-md u-align-center-xl u-align-center-xs u-text u-text-1\">Somos expertos en capitalizar el CX de tus Clientes<\/h2>\n                      <p class=\"u-align-center-lg u-align-center-md u-align-center-xl u-align-center-xs u-text u-text-2\">SOLUCIONES DE SOFTWARE DE CRM CON SAP <\/p>\n                    <\/div>\n                  <\/div>\n                <\/div>\n              <\/div>\n              <div class=\"u-size-30\">\n                <div class=\"u-layout-row\">\n                  <div class=\"u-align-center-sm u-align-center-xs u-container-style u-layout-cell u-left-cell u-size-30 u-layout-cell-2\">\n                    <div class=\"u-container-layout u-container-layout-2\">\n                      <p class=\"u-text u-text-3\">\n                        <span style=\"font-size: 3rem; font-weight: 700;\">SAP Sales Cloud<\/span>\n                        <br>\n                        <br>\n                        <span style=\"font-size: 1.875rem;\">Comprenda a sus clientes, mejore el compromiso de ventas y establezca relaciones que duren.<\/span>\n                      <\/p>\n                    <\/div>\n                  <\/div>\n                  <div class=\"u-align-center-sm u-align-center-xs u-container-style u-image u-layout-cell u-right-cell u-size-30 u-image-1\" data-image-width=\"1000\" data-image-height=\"500\" data-animation-name=\"pulse\" data-animation-duration=\"1000\" data-animation-delay=\"0\" data-animation-direction=\"\">\n                    <div class=\"u-container-layout u-valign-middle-sm u-valign-middle-xs u-container-layout-3\"><\/div>\n                  <\/div>\n                <\/div>\n              <\/div>\n            <\/div>\n          <\/div>\n        <\/div>\n      <\/div>\n    <\/section>\n    <section class=\"u-clearfix u-gradient u-lightbox u-section-4\" id=\"sec-f822\">\n      <div class=\"u-clearfix u-sheet u-sheet-1\">\n        <img decoding=\"async\" class=\"u-image u-image-1\" src=\"https:\/\/tigm-mx.com\/wp-content\/uploads\/2021\/07\/LogoTIGMsinfondo.png\" data-image-width=\"700\" data-image-height=\"233\" data-animation-name=\"fadeIn\" data-animation-duration=\"2000\" data-animation-delay=\"0\" data-animation-direction=\"\">\n        <div class=\"u-clearfix u-gutter-20 u-layout-wrap u-layout-wrap-1\">\n          <div class=\"u-layout\">\n            <div class=\"u-layout-row\">\n              <div class=\"u-size-20 u-size-30-md\">\n                <div class=\"u-layout-col\">\n                  <div class=\"u-container-style u-layout-cell u-left-cell u-size-30 u-layout-cell-1\">\n                    <div class=\"u-container-layout\">\n                      <img decoding=\"async\" class=\"u-image u-image-default u-image-2\" data-image-width=\"248\" data-image-height=\"248\" src=\"https:\/\/tigm-mx.com\/wp-content\/uploads\/2021\/07\/286194-pictogram-purple.svg\" data-animation-name=\"fadeIn\" data-animation-duration=\"2000\" data-animation-delay=\"0\" data-animation-direction=\"\">\n                    <\/div>\n                  <\/div>\n                  <div class=\"u-align-center u-container-style u-layout-cell u-left-cell u-size-30 u-layout-cell-2\">\n                    <div class=\"u-container-layout\">\n                      <h2 class=\"u-text u-text-body-alt-color u-text-1\" data-animation-name=\"fadeIn\" data-animation-duration=\"1000\" data-animation-delay=\"0\">\n                        <span style=\"font-weight: 700;\">Aumente las tasas&nbsp;<br>de \u00e9xito<br>\n                        <\/span>\n                        <br>\n                        <span style=\"font-size: 1.125rem;\">Aumente la eficacia de las ventas con recomendaciones de IA adaptadas a ca<\/span>\n                        <span style=\"font-size: 1.125rem;\">da oportunidad y la automatizaci\u00f3n inteligente de tareas que requieren mucha fuerza laboral, como la captura de interacciones.<\/span>\n                      <\/h2>\n                    <\/div>\n                  <\/div>\n                <\/div>\n              <\/div>\n              <div class=\"u-size-20 u-size-30-md\">\n                <div class=\"u-layout-col\">\n                  <div class=\"u-align-center u-container-style u-layout-cell u-size-30 u-layout-cell-3\">\n                    <div class=\"u-container-layout\">\n                      <img decoding=\"async\" class=\"u-image u-image-3\" src=\"https:\/\/tigm-mx.com\/wp-content\/uploads\/2021\/07\/284740-pictogram-purple.svg\" data-image-width=\"248\" data-image-height=\"248\" data-animation-name=\"fadeIn\" data-animation-duration=\"2000\" data-animation-delay=\"0\" data-animation-direction=\"\">\n                      <h2 class=\"u-text u-text-body-alt-color u-text-2\" data-animation-name=\"fadeIn\" data-animation-duration=\"1000\" data-animation-delay=\"0\">\n                        <span style=\"font-weight: 700;\">Venda en cualquier momento y lugar<\/span>\n                        <br>\n                        <br>\n                        <span style=\"font-size: 1.125rem;\">Comprometa a los clientes estrat\u00e9gicamente y haga que cada interacci\u00f3n cuente gestionando actividades, avanzando en las oportunidades y realizando un seguimiento del rendimiento \u2013on-line y off-line\u2013.<\/span>\n                      <\/h2>\n                    <\/div>\n                  <\/div>\n                  <div class=\"u-container-style u-hidden u-layout-cell u-size-30 u-layout-cell-4\">\n                    <div class=\"u-container-layout\"><\/div>\n                  <\/div>\n                <\/div>\n              <\/div>\n              <div class=\"u-size-20 u-size-60-md\">\n                <div class=\"u-layout-col\">\n                  <div class=\"u-container-style u-layout-cell u-right-cell u-size-30 u-layout-cell-5\">\n                    <div class=\"u-container-layout\">\n                      <img decoding=\"async\" class=\"u-image u-image-4\" src=\"https:\/\/tigm-mx.com\/wp-content\/uploads\/2021\/07\/281560-pictogram-purple.svg\" data-image-width=\"240\" data-image-height=\"240\" data-animation-name=\"fadeIn\" data-animation-duration=\"2000\" data-animation-delay=\"0\" data-animation-direction=\"\">\n                    <\/div>\n                  <\/div>\n                  <div class=\"u-align-center u-container-style u-layout-cell u-right-cell u-size-30 u-layout-cell-6\">\n                    <div class=\"u-container-layout\">\n                      <h2 class=\"u-text u-text-body-alt-color u-text-default u-text-3\" data-animation-name=\"bounceIn\" data-animation-duration=\"1000\" data-animation-delay=\"0\" data-animation-direction=\"Down\">\n                        <span style=\"font-weight: 700;\">Con\u00e9ctese con todos los clientes<\/span>\n                        <br>\n                        <br>\n                        <span style=\"font-size: 1.125rem;\">Empodere a los vendedores para que sean asesores de confianza y creen relaciones duraderas con una visi\u00f3n completa de todas las interacciones con el cliente, informaci\u00f3n estrat\u00e9gica social y orientaci\u00f3n de ventas.<\/span>\n                      <\/h2>\n                    <\/div>\n                  <\/div>\n                <\/div>\n              <\/div>\n            <\/div>\n          <\/div>\n        <\/div>\n        <div class=\"u-align-center u-container-style u-expanded-width-xs u-group u-group-1\" data-animation-name=\"fadeIn\" data-animation-duration=\"2000\" data-animation-delay=\"0\">\n          <div class=\"u-container-layout u-container-layout-7\">\n            <h2 class=\"u-text u-text-body-alt-color u-text-4\">Comience<\/h2>\n            <h2 class=\"u-text u-text-body-alt-color u-text-5\">Inicie la implementaci\u00f3n de su soluci\u00f3n de SAP e impulse el ROI colaborando con expertos de la industria, consultores e ingenieros de soporte durante todo su recorrido.<\/h2>\n            <a href=\"www.sap.com\" class=\"u-border-2 u-border-white u-btn u-button-style u-btn-1\">View more<\/a>\n          <\/div>\n        <\/div>\n      <\/div>\n    <\/section>\n    <section class=\"u-clearfix u-section-5\" id=\"sec-0a56\">\n      <img decoding=\"async\" src=\"https:\/\/tigm-mx.com\/wp-content\/uploads\/2021\/07\/358031b08eefaf6dd090cf867882e7b6.png\" alt=\"\" class=\"u-expanded-width u-image u-image-contain u-image-default u-image-1\" data-animation-name=\"swing\" data-animation-duration=\"1000\" data-animation-delay=\"0\" data-animation-direction=\"\">\n    <\/section>\n    <section class=\"u-clearfix u-image u-image-contain u-section-6\" id=\"sec-f6d7\">\n      <div class=\"u-clearfix u-sheet u-sheet-1\">\n        <div class=\"u-clearfix u-expanded-width u-gutter-20 u-layout-wrap u-layout-wrap-1\">\n          <div class=\"u-gutter-0 u-layout\">\n            <div class=\"u-layout-row\">\n              <div class=\"u-align-center-sm u-align-left-lg u-align-left-md u-align-left-xl u-align-left-xs u-container-style u-layout-cell u-left-cell u-size-30 u-layout-cell-1\">\n                <div class=\"u-container-layout u-container-layout-1\">\n                  <h2 class=\"u-text u-text-1\">\u00bfEn donde hemos implementado?<\/h2>\n                  <h2 class=\"u-text u-text-2\">TIGM Consulting ha implementado soluciones de CRM con \u00e9xito en M\u00e9xico, Colombia, etc.<\/h2>\n                <\/div>\n              <\/div>\n              <div class=\"u-container-style u-hidden-sm u-hidden-xs u-layout-cell u-right-cell u-size-30 u-layout-cell-2\" data-animation-name=\"fadeIn\" data-animation-duration=\"1000\" data-animation-delay=\"0\" data-animation-direction=\"\">\n                <div class=\"u-container-layout\">\n                  <img decoding=\"async\" src=\"https:\/\/tigm-mx.com\/wp-content\/uploads\/2021\/07\/c1ae1fd2697c8ef94d63084207a803de.png\" alt=\"\" class=\"u-image u-image-default u-opacity u-opacity-90 u-image-1\" data-image-width=\"950\" data-image-height=\"510\"><span class=\"u-align-left-lg u-align-left-sm u-align-left-xl u-align-left-xs u-icon u-icon-circle u-text-palette-1-dark-1 u-icon-1\"><svg class=\"u-svg-link\" preserveAspectRatio=\"xMidYMin slice\" viewBox=\"0 0 54.757 54.757\" style=\"undefined\"><use xmlns:xlink=\"http:\/\/www.w3.org\/1999\/xlink\" xlink:href=\"#svg-9711\"><\/use><\/svg><svg xmlns=\"http:\/\/www.w3.org\/2000\/svg\" xmlns:xlink=\"http:\/\/www.w3.org\/1999\/xlink\" version=\"1.1\" id=\"svg-9711\" x=\"0px\" y=\"0px\" viewBox=\"0 0 54.757 54.757\" style=\"enable-background:new 0 0 54.757 54.757;\" xml:space=\"preserve\" class=\"u-svg-content\"><path d=\"M40.94,5.617C37.318,1.995,32.502,0,27.38,0c-5.123,0-9.938,1.995-13.56,5.617c-6.703,6.702-7.536,19.312-1.804,26.952  L27.38,54.757L42.721,32.6C48.476,24.929,47.643,12.319,40.94,5.617z M27.557,26c-3.859,0-7-3.141-7-7s3.141-7,7-7s7,3.141,7,7  S31.416,26,27.557,26z\"><\/path><g><\/g><g><\/g><g><\/g><g><\/g><g><\/g><g><\/g><g><\/g><g><\/g><g><\/g><g><\/g><g><\/g><g><\/g><g><\/g><g><\/g><g><\/g><\/svg><\/span><span class=\"u-icon u-icon-circle u-text-palette-1-dark-1 u-icon-2\"><svg class=\"u-svg-link\" preserveAspectRatio=\"xMidYMin slice\" viewBox=\"0 0 54.757 54.757\" style=\"undefined\"><use xmlns:xlink=\"http:\/\/www.w3.org\/1999\/xlink\" xlink:href=\"#svg-9711\"><\/use><\/svg><svg xmlns=\"http:\/\/www.w3.org\/2000\/svg\" xmlns:xlink=\"http:\/\/www.w3.org\/1999\/xlink\" version=\"1.1\" id=\"svg-9711\" x=\"0px\" y=\"0px\" viewBox=\"0 0 54.757 54.757\" style=\"enable-background:new 0 0 54.757 54.757;\" xml:space=\"preserve\" class=\"u-svg-content\"><path d=\"M40.94,5.617C37.318,1.995,32.502,0,27.38,0c-5.123,0-9.938,1.995-13.56,5.617c-6.703,6.702-7.536,19.312-1.804,26.952  L27.38,54.757L42.721,32.6C48.476,24.929,47.643,12.319,40.94,5.617z M27.557,26c-3.859,0-7-3.141-7-7s3.141-7,7-7s7,3.141,7,7  S31.416,26,27.557,26z\"><\/path><g><\/g><g><\/g><g><\/g><g><\/g><g><\/g><g><\/g><g><\/g><g><\/g><g><\/g><g><\/g><g><\/g><g><\/g><g><\/g><g><\/g><g><\/g><\/svg><\/span><span class=\"u-icon u-icon-circle u-text-palette-5-base u-icon-3\"><svg class=\"u-svg-link\" preserveAspectRatio=\"xMidYMin slice\" viewBox=\"0 0 54.757 54.757\" style=\"undefined\"><use xmlns:xlink=\"http:\/\/www.w3.org\/1999\/xlink\" xlink:href=\"#svg-9711\"><\/use><\/svg><svg xmlns=\"http:\/\/www.w3.org\/2000\/svg\" xmlns:xlink=\"http:\/\/www.w3.org\/1999\/xlink\" version=\"1.1\" id=\"svg-9711\" x=\"0px\" y=\"0px\" viewBox=\"0 0 54.757 54.757\" style=\"enable-background:new 0 0 54.757 54.757;\" xml:space=\"preserve\" class=\"u-svg-content\"><path d=\"M40.94,5.617C37.318,1.995,32.502,0,27.38,0c-5.123,0-9.938,1.995-13.56,5.617c-6.703,6.702-7.536,19.312-1.804,26.952  L27.38,54.757L42.721,32.6C48.476,24.929,47.643,12.319,40.94,5.617z M27.557,26c-3.859,0-7-3.141-7-7s3.141-7,7-7s7,3.141,7,7  S31.416,26,27.557,26z\"><\/path><g><\/g><g><\/g><g><\/g><g><\/g><g><\/g><g><\/g><g><\/g><g><\/g><g><\/g><g><\/g><g><\/g><g><\/g><g><\/g><g><\/g><g><\/g><\/svg><\/span><span class=\"u-icon u-icon-circle u-text-custom-color-1 u-icon-4\"><svg class=\"u-svg-link\" preserveAspectRatio=\"xMidYMin slice\" viewBox=\"0 0 54.757 54.757\" style=\"undefined\"><use xmlns:xlink=\"http:\/\/www.w3.org\/1999\/xlink\" xlink:href=\"#svg-9711\"><\/use><\/svg><svg xmlns=\"http:\/\/www.w3.org\/2000\/svg\" xmlns:xlink=\"http:\/\/www.w3.org\/1999\/xlink\" version=\"1.1\" id=\"svg-9711\" x=\"0px\" y=\"0px\" viewBox=\"0 0 54.757 54.757\" style=\"enable-background:new 0 0 54.757 54.757;\" xml:space=\"preserve\" class=\"u-svg-content\"><path d=\"M40.94,5.617C37.318,1.995,32.502,0,27.38,0c-5.123,0-9.938,1.995-13.56,5.617c-6.703,6.702-7.536,19.312-1.804,26.952  L27.38,54.757L42.721,32.6C48.476,24.929,47.643,12.319,40.94,5.617z M27.557,26c-3.859,0-7-3.141-7-7s3.141-7,7-7s7,3.141,7,7  S31.416,26,27.557,26z\"><\/path><g><\/g><g><\/g><g><\/g><g><\/g><g><\/g><g><\/g><g><\/g><g><\/g><g><\/g><g><\/g><g><\/g><g><\/g><g><\/g><g><\/g><g><\/g><\/svg><\/span>\n                <\/div>\n              <\/div>\n            <\/div>\n          <\/div>\n        <\/div>\n      <\/div>\n    <\/section>\n    <section class=\"u-align-center u-clearfix u-grey-10 u-section-7\" id=\"carousel_6f1f\">\n      <div class=\"u-expanded-width u-palette-2-base u-radius-0 u-shape u-shape-rectangle u-shape-1\" data-animation-name=\"slideIn\" data-animation-duration=\"1000\" data-animation-delay=\"0\" data-animation-direction=\"Right\"><\/div>\n      <img decoding=\"async\" src=\"https:\/\/tigm-mx.com\/wp-content\/uploads\/2021\/07\/srwer.jpg\" alt=\"\" class=\"u-image u-image-default u-image-1\" data-image-width=\"700\" data-image-height=\"631\" data-animation-name=\"fadeIn\" data-animation-duration=\"2000\" data-animation-delay=\"0\" data-animation-direction=\"\">\n      <div class=\"u-align-left u-container-style u-group u-white u-group-1\">\n        <div class=\"u-container-layout u-container-layout-1\">\n          <h1 class=\"u-text u-text-1\">\u00bfPreguntas? \u00a1P\u00f3ngase en contacto!<\/h1>\n          <div class=\"u-expanded-width u-form u-form-1\">\n            <form action=\"#\" method=\"POST\" class=\"u-clearfix u-form-spacing-27 u-form-vertical u-inner-form\" style=\"padding: 0px;\" source=\"custom\" name=\"form\">\n              <div class=\"u-form-group u-form-name u-form-group-1\">\n                <label for=\"name-30a4\" class=\"u-form-control-hidden u-label\">Name<\/label>\n                <input type=\"text\" placeholder=\"nombre\" id=\"name-30a4\" name=\"name\" class=\"u-border-2 u-border-black u-border-no-left u-border-no-right u-border-no-top u-input u-input-rectangle u-white u-input-1\" required=\"\">\n              <\/div>\n              <div class=\"u-form-email u-form-group u-form-group-2\">\n                <label for=\"email-cd2c\" class=\"u-form-control-hidden u-label\"><\/label>\n                <input type=\"email\" id=\"email-cd2c\" name=\"email\" class=\"u-border-2 u-border-black u-border-no-left u-border-no-right u-border-no-top u-input u-input-rectangle u-white u-input-2\" required=\"\" placeholder=\"email\">\n              <\/div>\n              <div class=\"u-form-group u-form-phone u-form-group-3\">\n                <label for=\"phone-807d\" class=\"u-form-control-hidden u-label\">Tel\u00e9fono<\/label>\n                <input type=\"tel\" pattern=\"+?d{0,3}[s(-]?([0-9]{2,3})[s)-]?([s-]?)([0-9]{3})[s-]?([0-9]{2})[s-]?([0-9]{2})\" placeholder=\"Ingrese su tel\u00e9fono (por ejemplo, +14155552675)\" id=\"phone-807d\" name=\"phone\" class=\"u-border-2 u-border-black u-border-no-left u-border-no-right u-border-no-top u-input u-input-rectangle u-white u-input-3\" required=\"\">\n              <\/div>\n              <div class=\"u-form-group u-form-message u-form-group-4\">\n                <label for=\"message-4e25\" class=\"u-form-control-hidden u-label\">Mensaje<\/label>\n                <textarea placeholder=\"Ingrese su mensaje\" rows=\"4\" cols=\"50\" id=\"message-4e25\" name=\"message\" class=\"u-border-2 u-border-black u-border-no-left u-border-no-right u-border-no-top u-input u-input-rectangle u-white u-input-4\" required=\"\"><\/textarea>\n              <\/div>\n              <div class=\"u-align-left u-form-group u-form-submit u-form-group-5\">\n                <a href=\"#\" class=\"u-active-grey-75 u-black u-border-1 u-border-active-grey-75 u-border-black u-border-hover-grey-75 u-btn u-btn-submit u-button-style u-hover-grey-75 u-btn-1\">CONTACTENOS<\/a>\n                <input type=\"submit\" value=\"submit\" class=\"u-form-control-hidden\">\n              <\/div>\n              <div class=\"u-form-send-message u-form-send-success\">\u00a1GRACIAS! Su mensaje ha sido enviado, pronto nos comunicaremos.<\/div>\n              <div class=\"u-form-send-error u-form-send-message\">No se ha logrado enviar su mensaje, revise los datos e intente nuevamente.<\/div>\n              <input type=\"hidden\" value=\"\" name=\"recaptchaResponse\">\n            <\/form>\n          <\/div>\n        <\/div>\n      <\/div>\n    <\/section>\n    \n    \n  \n<\/div>","protected":false},"excerpt":{"rendered":"<p>Crea experiencias inolvidables para tus clientes&nbsp; The Travel Companies That Will Change The Way You See The World Somos expertos en capitalizar el CX de tus Clientes SOLUCIONES DE SOFTWARE DE CRM CON SAP SAP Sales Cloud Comprenda a sus clientes, mejore el compromiso de ventas y establezca relaciones que duren. Aumente las tasas&nbsp;de \u00e9xito&hellip; <a class=\"more-link\" href=\"https:\/\/tigm-mx.com\/index.php\/sap\/\">Continue reading <span class=\"screen-reader-text\">SAP<\/span><\/a><\/p>\n","protected":false},"author":1,"featured_media":0,"parent":0,"menu_order":6,"comment_status":"closed","ping_status":"closed","template":"","meta":{"om_disable_all_campaigns":false,"_monsterinsights_skip_tracking":false,"_monsterinsights_sitenote_active":false,"_monsterinsights_sitenote_note":"","_monsterinsights_sitenote_category":0,"footnotes":""},"class_list":["post-62","page","type-page","status-publish","hentry","entry"],"_links":{"self":[{"href":"https:\/\/tigm-mx.com\/index.php\/wp-json\/wp\/v2\/pages\/62","targetHints":{"allow":["GET"]}}],"collection":[{"href":"https:\/\/tigm-mx.com\/index.php\/wp-json\/wp\/v2\/pages"}],"about":[{"href":"https:\/\/tigm-mx.com\/index.php\/wp-json\/wp\/v2\/types\/page"}],"author":[{"embeddable":true,"href":"https:\/\/tigm-mx.com\/index.php\/wp-json\/wp\/v2\/users\/1"}],"replies":[{"embeddable":true,"href":"https:\/\/tigm-mx.com\/index.php\/wp-json\/wp\/v2\/comments?post=62"}],"version-history":[{"count":1,"href":"https:\/\/tigm-mx.com\/index.php\/wp-json\/wp\/v2\/pages\/62\/revisions"}],"predecessor-version":[{"id":75,"href":"https:\/\/tigm-mx.com\/index.php\/wp-json\/wp\/v2\/pages\/62\/revisions\/75"}],"wp:attachment":[{"href":"https:\/\/tigm-mx.com\/index.php\/wp-json\/wp\/v2\/media?parent=62"}],"curies":[{"name":"wp","href":"https:\/\/api.w.org\/{rel}","templated":true}]}}