{"id":63,"date":"2021-07-21T22:22:13","date_gmt":"2021-07-21T22:22:13","guid":{"rendered":"http:\/\/tigm-mx.com\/index.php\/inicio\/"},"modified":"2022-11-30T20:20:52","modified_gmt":"2022-11-30T20:20:52","slug":"inicio","status":"publish","type":"page","link":"https:\/\/tigm-mx.com\/","title":{"rendered":"Inicio"},"content":{"rendered":"<div class=\"\" style=\"\" >\n    \n    <section class=\"u-align-center u-clearfix u-gradient u-section-2\" id=\"carousel_a717\">\n      <div class=\"u-clearfix u-sheet u-sheet-1\">\n        <div class=\"u-container-style u-group u-image u-image-contain u-shape-rectangle u-image-1\" data-image-width=\"700\" data-image-height=\"233\">\n          <div class=\"u-container-layout u-container-layout-1\"><\/div>\n        <\/div>\n        <div alt=\"\" class=\"u-border-8 u-border-white u-expanded-width-xs u-image u-image-circle u-image-2\" data-image-width=\"1280\" data-image-height=\"853\" data-animation-name=\"fadeIn\" data-animation-duration=\"1000\" data-animation-delay=\"0\" data-animation-direction=\"\"><\/div>\n        <h2 class=\"u-align-left u-text u-text-1\">hacemos&nbsp;<br><b style=\"\">que las cosas sucedan...<\/b>\n        <\/h2>\n        <p class=\"u-text u-text-2\">Nuestro equipo de consultores se caracteriza por su experiencia,<br>confianza y conocimiento en la utilizaci\u00f3n de las tecnol\u00f3gias&nbsp;para mejorar la operaci\u00f3n de sus procesos para la gesti\u00f3n de sus prospectos y clientes.<br>\n          <br>\n        <\/p>\n        <img decoding=\"async\" src=\"https:\/\/tigm-mx.com\/wp-content\/uploads\/2021\/07\/36a7c6048332b4107a02460239f1ef4d.jpeg\" alt=\"\" class=\"u-image u-image-round u-image-3\" data-image-width=\"1125\" data-image-height=\"750\" data-animation-name=\"pulse\" data-animation-duration=\"1000\" data-animation-delay=\"0\" data-animation-direction=\"\">\n      <\/div>\n    <\/section>\n    <section class=\"u-clearfix u-image u-section-3\" id=\"sec-7c5b\" data-image-width=\"2000\" data-image-height=\"1333\">\n      <div class=\"u-expanded-width u-shape u-shape-rectangle u-white u-shape-1\"><\/div>\n      <div class=\"u-clearfix u-gutter-50 u-layout-wrap u-layout-wrap-1\">\n        <div class=\"u-layout\">\n          <div class=\"u-layout-row\">\n            <div class=\"u-container-style u-layout-cell u-left-cell u-size-30 u-layout-cell-1\">\n              <div class=\"u-container-layout u-container-layout-1\">\n                <h2 class=\"u-align-left u-text u-text-1\">somos <b style=\"\">arquitectos de soluciones<\/b>\n                <\/h2>\n                <img decoding=\"async\" src=\"https:\/\/tigm-mx.com\/wp-content\/uploads\/2021\/07\/a9dcc2d3-077b-4cbf-35f1-05a7ca2b6438.jpg\" alt=\"\" class=\"u-expanded-width u-image u-image-default u-image-1\" data-image-width=\"1000\" data-image-height=\"919\" data-animation-name=\"slideIn\" data-animation-duration=\"2500\" data-animation-delay=\"0\" data-animation-direction=\"Left\">\n              <\/div>\n            <\/div>\n            <div class=\"u-container-style u-layout-cell u-right-cell u-size-30 u-layout-cell-2\">\n              <div class=\"u-container-layout u-container-layout-2\">\n                <img decoding=\"async\" class=\"u-expanded-width u-image u-image-2\" src=\"https:\/\/tigm-mx.com\/wp-content\/uploads\/2021\/07\/ret-min.jpg\" data-animation-name=\"slideIn\" data-animation-duration=\"2500\" data-animation-delay=\"0\" data-animation-direction=\"Right\">\n              <\/div>\n            <\/div>\n          <\/div>\n        <\/div>\n      <\/div>\n      <p class=\"u-align-center u-text u-text-2\" data-animation-name=\"zoomIn\" data-animation-duration=\"1000\" data-animation-delay=\"0\" data-animation-direction=\"\">Modernice y unifique todos sus canales para ofrecer una experiencia \u00fanica a sus clientes&nbsp;implementando soluciones para tener un mayor&nbsp;control de oportunidades de ventas, mejorar el proceso de atenci\u00f3n a clientes, crear flujos de trabajo para seguimientos automatizados y aumentar la efectividad en cierres.<\/p>\n    <\/section>\n    <section class=\"u-clearfix u-gradient u-lightbox u-section-4\" id=\"carousel_96a0\">\n      <div class=\"u-clearfix u-sheet u-valign-middle-lg u-valign-middle-md u-valign-middle-xl u-sheet-1\">\n        <div class=\"u-clearfix u-expanded-width u-layout-wrap u-layout-wrap-1\">\n          <div class=\"u-layout\">\n            <div class=\"u-layout-row\">\n              <div class=\"u-align-right u-container-style u-layout-cell u-size-29 u-layout-cell-1\">\n                <div class=\"u-container-layout u-container-layout-1\">\n                  <h1 class=\"u-text u-text-1\">hacemos<br>tu mundo<br>\n                    <span style=\"font-weight: 700;\">digital<\/span>\n                  <\/h1>\n                <\/div>\n              <\/div>\n              <div class=\"u-container-style u-image u-layout-cell u-size-31 u-image-1\" data-image-width=\"1200\" data-image-height=\"907\">\n                <div class=\"u-container-layout u-container-layout-2\"><\/div>\n              <\/div>\n            <\/div>\n          <\/div>\n        <\/div>\n      <\/div>\n    <\/section>\n    <section class=\"u-clearfix u-section-5\" id=\"carousel_9d5a\">\n      <div class=\"u-clearfix u-sheet u-sheet-1\">\n        <div class=\"u-border-6 u-border-grey-dark-1 u-line u-line-horizontal u-line-1\"><\/div>\n        <h2 class=\"u-align-center u-custom-font u-font-pt-sans u-text u-text-1\">Estamos inspirados en crear experiencias que generen cambios positivos en la vida de las personas...<\/h2><span class=\"u-icon u-icon-circle u-text-palette-1-base u-icon-1\"><svg class=\"u-svg-link\" preserveAspectRatio=\"xMidYMin slice\" viewBox=\"0 0 512 512\" style=\"\"><use xmlns:xlink=\"http:\/\/www.w3.org\/1999\/xlink\" xlink:href=\"#svg-1135\"><\/use><\/svg><svg xmlns=\"http:\/\/www.w3.org\/2000\/svg\" xmlns:xlink=\"http:\/\/www.w3.org\/1999\/xlink\" version=\"1.1\" xml:space=\"preserve\" class=\"u-svg-content\" viewBox=\"0 0 512 512\" x=\"0px\" y=\"0px\" id=\"svg-1135\" style=\"enable-background:new 0 0 512 512;\"><g><g><path d=\"M374.108,373.328c-7.829-7.792-20.492-7.762-28.284,0.067L276,443.557V20c0-11.046-8.954-20-20-20    c-11.046,0-20,8.954-20,20v423.558l-69.824-70.164c-7.792-7.829-20.455-7.859-28.284-0.067c-7.83,7.793-7.859,20.456-0.068,28.285    l104,104.504c0.006,0.007,0.013,0.012,0.019,0.018c7.792,7.809,20.496,7.834,28.314,0.001c0.006-0.007,0.013-0.012,0.019-0.018    l104-104.504C381.966,393.785,381.939,381.121,374.108,373.328z\"><\/path>\n<\/g>\n<\/g><\/svg><\/span>\n      <\/div>\n    <\/section>\n    <section class=\"u-align-center u-clearfix u-hidden u-white u-section-6\" id=\"sec-4a05\">\n      <div class=\"u-clearfix u-sheet u-sheet-1\">\n        <div class=\"u-expanded-width u-gallery u-layout-grid u-lightbox u-show-text-on-hover u-gallery-1\">\n          <div class=\"u-gallery-inner u-gallery-inner-1\">\n            <div class=\"u-effect-fade u-gallery-item\">\n              <div class=\"u-back-slide\" data-image-width=\"709\" data-image-height=\"308\">\n                <img decoding=\"async\" class=\"u-back-image u-expanded u-image-contain\" src=\"https:\/\/tigm-mx.com\/wp-content\/uploads\/2021\/07\/logoGrupoPolak.png\" alt=\"Grupo Polak\">\n              <\/div>\n              <div class=\"u-over-slide u-shading u-valign-middle u-over-slide-1\">\n                <h1 class=\"u-gallery-heading\" style=\"\">Grupo Polak<\/h1>\n                <h2 class=\"u-gallery-text\">Implementaci\u00f3n de Sales Cloud<\/h2>\n              <\/div>\n            <\/div>\n            <div class=\"u-effect-fade u-gallery-item\">\n              <div class=\"u-back-slide\" data-image-width=\"224\" data-image-height=\"224\">\n                <img decoding=\"async\" class=\"u-back-image u-expanded\" src=\"https:\/\/tigm-mx.com\/wp-content\/uploads\/2021\/07\/LogoECONO.png?rand=2e79\" alt=\"ECONO\">\n              <\/div>\n              <div class=\"u-over-slide u-shading u-valign-middle u-over-slide-2\">\n                <h1 class=\"u-gallery-heading\" style=\"\">ECONO<\/h1>\n                <h2 class=\"u-gallery-text\">Implementaci\u00f3n de SAP Sales Cloud<\/h2>\n              <\/div>\n            <\/div>\n            <div class=\"u-effect-fade u-gallery-item\">\n              <div class=\"u-back-slide\" data-image-width=\"432\" data-image-height=\"116\">\n                <img decoding=\"async\" class=\"u-back-image u-expanded u-image-contain\" src=\"https:\/\/tigm-mx.com\/wp-content\/uploads\/2021\/07\/DamoraCrane.png\" alt=\"Damora Cran\">\n              <\/div>\n              <div class=\"u-over-slide u-shading u-valign-middle u-over-slide-3\">\n                <h1 class=\"u-gallery-heading\" style=\"\">Damora Cran<\/h1>\n                <h2 class=\"u-gallery-text\">Implementaci\u00f3n de un portal web para atenci\u00f3n de Clientes, env\u00edo de CFDI's y recolecci\u00f3n de <\/h2>\n              <\/div>\n            <\/div>\n            <div class=\"u-effect-fade u-gallery-item\">\n              <div class=\"u-back-slide\">\n                <img decoding=\"async\" class=\"u-back-image u-expanded\" src=\"https:\/\/tigm-mx.com\/wp-content\/uploads\/2021\/07\/rr.jpg\" alt=\"minimalistic design\">\n              <\/div>\n              <div class=\"u-over-slide u-shading u-valign-middle u-over-slide-4\">\n                <h1 class=\"u-gallery-heading\" style=\"\">minimalistic design<\/h1>\n                <h2 class=\"u-gallery-text\"><\/h2>\n              <\/div>\n            <\/div>\n            <div class=\"u-effect-fade u-gallery-item\">\n              <div class=\"u-back-slide\">\n                <img decoding=\"async\" class=\"u-back-image u-expanded\" src=\"https:\/\/tigm-mx.com\/wp-content\/uploads\/2021\/07\/logo-mockup-luxury-black-facade-sign_145275-288.jpg\" alt=\"luxury black facade\">\n              <\/div>\n              <div class=\"u-over-slide u-shading u-valign-middle u-over-slide-5\">\n                <h1 class=\"u-gallery-heading\" style=\"\">luxury black facade<\/h1>\n                <h2 class=\"u-gallery-text\"><\/h2>\n              <\/div>\n            <\/div>\n            <div class=\"u-effect-fade u-gallery-item\">\n              <div class=\"u-back-slide\">\n                <img decoding=\"async\" class=\"u-back-image u-expanded\" src=\"https:\/\/tigm-mx.com\/wp-content\/uploads\/2021\/07\/3d-lion-logo-mockup_145275-144.jpg\" alt=\"mockup with logo\">\n              <\/div>\n              <div class=\"u-over-slide u-shading u-valign-middle u-over-slide-6\">\n                <h1 class=\"u-gallery-heading\" style=\"\">mockup with logo<\/h1>\n                <h2 class=\"u-gallery-text\"><\/h2>\n              <\/div>\n            <\/div>\n            <div class=\"u-effect-fade u-gallery-item\">\n              <div class=\"u-back-slide\">\n                <img decoding=\"async\" class=\"u-back-image u-expanded\" src=\"https:\/\/tigm-mx.com\/wp-content\/uploads\/2021\/07\/rounded-corner-business-cards-mockup_358694-108.jpg\" alt=\"business card\">\n              <\/div>\n              <div class=\"u-over-slide u-shading u-valign-middle u-over-slide-7\">\n                <h1 class=\"u-gallery-heading\" style=\"\">business card<\/h1>\n                <h2 class=\"u-gallery-text\"><\/h2>\n              <\/div>\n            <\/div>\n            <div class=\"u-effect-fade u-gallery-item\">\n              <div class=\"u-back-slide\">\n                <img decoding=\"async\" class=\"u-back-image u-expanded\" src=\"https:\/\/tigm-mx.com\/wp-content\/uploads\/2021\/07\/mock-up-logo-design-business-white-paper_23-2148834253.jpg\" alt=\"identity design\">\n              <\/div>\n              <div class=\"u-over-slide u-shading u-valign-middle u-over-slide-8\">\n                <h1 class=\"u-gallery-heading\" style=\"\">identity design<\/h1>\n                <h2 class=\"u-gallery-text\"><\/h2>\n              <\/div>\n            <\/div>\n            <div class=\"u-effect-fade u-gallery-item\">\n              <div class=\"u-back-slide\">\n                <img decoding=\"async\" class=\"u-back-image u-expanded\" src=\"https:\/\/tigm-mx.com\/wp-content\/uploads\/2021\/07\/black-white-business-card-mockup-design_47987-2181.jpg\" alt=\"modern design\">\n              <\/div>\n              <div class=\"u-over-slide u-shading u-valign-middle u-over-slide-9\">\n                <h1 class=\"u-gallery-heading\" style=\"\">modern design<\/h1>\n                <h2 class=\"u-gallery-text\"><\/h2>\n              <\/div>\n            <\/div>\n          <\/div>\n        <\/div>\n      <\/div>\n    <\/section>\n    \n    \n  \n<\/div>","protected":false},"excerpt":{"rendered":"<p>hacemos&nbsp;que las cosas sucedan&#8230; Nuestro equipo de consultores se caracteriza por su experiencia,confianza y conocimiento en la utilizaci\u00f3n de las tecnol\u00f3gias&nbsp;para mejorar la operaci\u00f3n de sus procesos para la gesti\u00f3n de sus prospectos y clientes. somos arquitectos de soluciones Modernice y unifique todos sus canales para ofrecer una experiencia \u00fanica a sus clientes&nbsp;implementando soluciones para&hellip; <a class=\"more-link\" href=\"https:\/\/tigm-mx.com\/\">Continue reading <span class=\"screen-reader-text\">Inicio<\/span><\/a><\/p>\n","protected":false},"author":1,"featured_media":0,"parent":0,"menu_order":7,"comment_status":"closed","ping_status":"closed","template":"","meta":{"om_disable_all_campaigns":false,"_monsterinsights_skip_tracking":false,"_monsterinsights_sitenote_active":false,"_monsterinsights_sitenote_note":"","_monsterinsights_sitenote_category":0,"footnotes":""},"class_list":["post-63","page","type-page","status-publish","hentry","entry"],"_links":{"self":[{"href":"https:\/\/tigm-mx.com\/index.php\/wp-json\/wp\/v2\/pages\/63","targetHints":{"allow":["GET"]}}],"collection":[{"href":"https:\/\/tigm-mx.com\/index.php\/wp-json\/wp\/v2\/pages"}],"about":[{"href":"https:\/\/tigm-mx.com\/index.php\/wp-json\/wp\/v2\/types\/page"}],"author":[{"embeddable":true,"href":"https:\/\/tigm-mx.com\/index.php\/wp-json\/wp\/v2\/users\/1"}],"replies":[{"embeddable":true,"href":"https:\/\/tigm-mx.com\/index.php\/wp-json\/wp\/v2\/comments?post=63"}],"version-history":[{"count":1,"href":"https:\/\/tigm-mx.com\/index.php\/wp-json\/wp\/v2\/pages\/63\/revisions"}],"predecessor-version":[{"id":76,"href":"https:\/\/tigm-mx.com\/index.php\/wp-json\/wp\/v2\/pages\/63\/revisions\/76"}],"wp:attachment":[{"href":"https:\/\/tigm-mx.com\/index.php\/wp-json\/wp\/v2\/media?parent=63"}],"curies":[{"name":"wp","href":"https:\/\/api.w.org\/{rel}","templated":true}]}}